{"id":96,"date":"2026-02-13T08:51:08","date_gmt":"2026-02-13T07:51:08","guid":{"rendered":"https:\/\/eigbg-control.de\/?page_id=96"},"modified":"2026-04-01T15:23:50","modified_gmt":"2026-04-01T13:23:50","slug":"seite-1-2","status":"publish","type":"page","link":"https:\/\/eigbg-control.de\/?page_id=96","title":{"rendered":"Module"},"content":{"rendered":"\n<p>Wenn die Themen wechselseitig aus verschiedenen Bereichen Daten ben\u00f6tigen, kann man versuchen eine universelle Konstruktion zu erschaffen, die einem und allem dient. Das gelingt, wenn \u00fcberhaupt, nur bis zu einer im <strong>allgemeinen unzureichenden Tiefe<\/strong>, ist nicht transparent und nicht allgemein verst\u00e4ndlich. Trotzdem suggeriert gerade hier die limitierte Tabellenkalkulation einen ausreichenden L\u00f6sungsansatz. Sie ist verf\u00fcgbar, leicht zu handhaben und sehr geduldig. Neben der fehlenden Mehrnutzerf\u00e4higkeit hat auch die hohe Fehleranf\u00e4lligkeit dazu gef\u00fchrt, \u00fcber Alternativen nachzudenken. Damit ist die Tabellenkalkulation sozusagen ein ma\u00dfgeblicher Wegbereiter und aus Dank unser treuer Begleiter &#8211; alle Berichte werden aktuell prim\u00e4r nach EXCEL exportiert. Dort kann &#8211; mit abnehmender Tendenz &#8211; noch hier und da erg\u00e4nzend eingegriffen werden.<\/p>\n\n\n\n<p>Beim vorliegenden Systementwurf ist es nicht nur beim Nachdenken \u00fcber Alternativen geblieben. Wir haben die Verwaltung der Daten von ihrer sp\u00e4teren Verwendung entkoppelt. Sie werden strukturiert, f\u00fcr allen denkbaren Prozesse offen zug\u00e4nglich f\u00fcr einen ausreichenden Zeitraum in der notwendigen Tiefe stoisch verwaltet. Wenn die Objekte exklusiven Charakter tragen, wie das bei <strong>Anlagen, Investitionen, Krediten und Risiken <\/strong>der Fall ist, dann werden sie auch in einem separaten Modul geb\u00fcndelt. Handelt es sich um Objekte deren Daten zu verschiedensten Zwecken genutzt werden k\u00f6nnen, dann sind diese nachweisbar besser in einem offenen universellen Modul zu handhaben &#8211; so wie hier bei <strong>Controlling<\/strong> und <strong>Statistik<\/strong>.<\/p>\n\n\n\n<p>Abgesehen von diesen vordergr\u00fcndigen &#8222;Publikumsmodulen&#8220; arbeiten im Hintergrund drei zentrale Hilfsmodule, die die Benutzeroberfl\u00e4che bewusst von den etwas selteneren Operationen verschonen. Die Begegnung ist i. d. R. nur zur Basiskonfiguration &#8211; <strong>Initialisierung<\/strong>, nur im Rahmen von Anpassungen und Erg\u00e4nzungen &#8211; <strong>Bibliothek<\/strong> und den <strong>Einstellungen<\/strong> n\u00f6tig.<\/p>\n\n\n\n<p>Module sind im Laufe der mehrere Jahrzehnte andauernden Entwicklung entstanden und zum Teil auch wieder verschwunden. Das nunmehr verbliebene Ensemble erf\u00fcllt in dieser Konstellation nun schon erstaunlich lange treu seine Aufgaben. Das trifft immer im Einzelnen zu aber die <strong>Faszination <\/strong>ergibt sich erst im <strong>Zusammenspiel <\/strong>der Module. Nachfolgend erhalten Sie &#8211; zun\u00e4chst nur <strong>\u00fcberblicksweise <\/strong>&#8211; Einblick in die Inhalte der einzelnen Module sowie ihre Stellung im Zu- und Miteinander.<\/p>\n\n\n\n<p>Im Detail werden alle Elemente der Module im Abschnitt DOKUMENTATION beschrieben. Im prozessbezogenen Zusammenwirken der Module werden die h\u00e4ufigsten zum Teil auch prozess\u00fcbergreifenden Aktivit\u00e4ten im Abschnitt HILFE erl\u00e4utert.<\/p>\n\n\n\n<p><\/p>\n\n\n\n<p><\/p>\n","protected":false},"excerpt":{"rendered":"<p>Wenn die Themen wechselseitig aus verschiedenen Bereichen Daten ben\u00f6tigen, kann man versuchen eine universelle Konstruktion zu erschaffen, die einem und [&hellip;]<\/p>\n","protected":false},"author":1,"featured_media":0,"parent":0,"menu_order":0,"comment_status":"closed","ping_status":"closed","template":"","meta":{"site-sidebar-layout":"default","site-content-layout":"","ast-site-content-layout":"default","site-content-style":"default","site-sidebar-style":"default","ast-global-header-display":"","ast-banner-title-visibility":"","ast-main-header-display":"","ast-hfb-above-header-display":"","ast-hfb-below-header-display":"","ast-hfb-mobile-header-display":"","site-post-title":"","ast-breadcrumbs-content":"","ast-featured-img":"","footer-sml-layout":"","ast-disable-related-posts":"","theme-transparent-header-meta":"","adv-header-id-meta":"","stick-header-meta":"","header-above-stick-meta":"","header-main-stick-meta":"","header-below-stick-meta":"","astra-migrate-meta-layouts":"default","ast-page-background-enabled":"default","ast-page-background-meta":{"desktop":{"background-color":"var(--ast-global-color-5)","background-image":"","background-repeat":"repeat","background-position":"center center","background-size":"auto","background-attachment":"scroll","background-type":"","background-media":"","overlay-type":"","overlay-color":"","overlay-opacity":"","overlay-gradient":""},"tablet":{"background-color":"","background-image":"","background-repeat":"repeat","background-position":"center center","background-size":"auto","background-attachment":"scroll","background-type":"","background-media":"","overlay-type":"","overlay-color":"","overlay-opacity":"","overlay-gradient":""},"mobile":{"background-color":"","background-image":"","background-repeat":"repeat","background-position":"center center","background-size":"auto","background-attachment":"scroll","background-type":"","background-media":"","overlay-type":"","overlay-color":"","overlay-opacity":"","overlay-gradient":""}},"ast-content-background-meta":{"desktop":{"background-color":"var(--ast-global-color-4)","background-image":"","background-repeat":"repeat","background-position":"center center","background-size":"auto","background-attachment":"scroll","background-type":"","background-media":"","overlay-type":"","overlay-color":"","overlay-opacity":"","overlay-gradient":""},"tablet":{"background-color":"var(--ast-global-color-4)","background-image":"","background-repeat":"repeat","background-position":"center center","background-size":"auto","background-attachment":"scroll","background-type":"","background-media":"","overlay-type":"","overlay-color":"","overlay-opacity":"","overlay-gradient":""},"mobile":{"background-color":"var(--ast-global-color-4)","background-image":"","background-repeat":"repeat","background-position":"center center","background-size":"auto","background-attachment":"scroll","background-type":"","background-media":"","overlay-type":"","overlay-color":"","overlay-opacity":"","overlay-gradient":""}},"footnotes":""},"class_list":["post-96","page","type-page","status-publish","hentry"],"_links":{"self":[{"href":"https:\/\/eigbg-control.de\/index.php?rest_route=\/wp\/v2\/pages\/96","targetHints":{"allow":["GET"]}}],"collection":[{"href":"https:\/\/eigbg-control.de\/index.php?rest_route=\/wp\/v2\/pages"}],"about":[{"href":"https:\/\/eigbg-control.de\/index.php?rest_route=\/wp\/v2\/types\/page"}],"author":[{"embeddable":true,"href":"https:\/\/eigbg-control.de\/index.php?rest_route=\/wp\/v2\/users\/1"}],"replies":[{"embeddable":true,"href":"https:\/\/eigbg-control.de\/index.php?rest_route=%2Fwp%2Fv2%2Fcomments&post=96"}],"version-history":[{"count":13,"href":"https:\/\/eigbg-control.de\/index.php?rest_route=\/wp\/v2\/pages\/96\/revisions"}],"predecessor-version":[{"id":692,"href":"https:\/\/eigbg-control.de\/index.php?rest_route=\/wp\/v2\/pages\/96\/revisions\/692"}],"wp:attachment":[{"href":"https:\/\/eigbg-control.de\/index.php?rest_route=%2Fwp%2Fv2%2Fmedia&parent=96"}],"curies":[{"name":"wp","href":"https:\/\/api.w.org\/{rel}","templated":true}]}}