{"id":278,"date":"2026-02-23T10:11:49","date_gmt":"2026-02-23T09:11:49","guid":{"rendered":"https:\/\/eigbg-control.de\/?page_id=278"},"modified":"2026-03-31T20:13:44","modified_gmt":"2026-03-31T18:13:44","slug":"benutzer","status":"publish","type":"page","link":"https:\/\/eigbg-control.de\/?page_id=278","title":{"rendered":"Benutzer"},"content":{"rendered":"\n<p><strong>TECHNISCH<\/strong><\/p>\n\n\n\n<p>Zun\u00e4chst wird die technisch zu verstehende Rolle eines <strong>Systemverwalters <\/strong>verwendet. Mit dieser ausgestattet kann man innerhalb der Programmoberfl\u00e4che uneingeschr\u00e4nkt alle Aktivit\u00e4ten vornehmen. Jede Datenbank sollte daher mindestens einen Benutzer mit der Rolle des Systemverwalters besitzen.<\/p>\n\n\n\n<p>Die n\u00e4chste technische Rolle umreist die <strong>Administratoren<\/strong>. Deren Zugriff auf Module und Operationen kann vom Systemverwalter gestaltet werden. Gleiches gilt f\u00fcr die dritte technische Rolle eines <strong>Benutzers<\/strong>. Auch dieser Rolle k\u00f6nnen Module und Operationen zugewiesen bzw. untersagt werden.<\/p>\n\n\n\n<p>Die Anzahl von Benutzern ist programmseitig oder lizenzrechtlich nicht begrenzt. Im Rahmen der generell erworbenen Aufgabentr\u00e4gerlizenz besteht keine Limitierung.<\/p>\n\n\n\n<p><strong>ORGANISATORISCH<\/strong><\/p>\n\n\n\n<p>Soll das Konstrukt eines &#8222;Benutzer&#8220; zum Beispiel im Rahmen der Mitwirkung an einem <strong>Prozess <\/strong>in verschiedenen Modulen, bestimmte Handlungen an ausgew\u00e4hlten Daten vornehmen, k\u00f6nnen Systemverwalter oder Administratoren aufbauend auf den Rollen unter zu Hilfenahme von <strong>Filtern <\/strong>die Module zus\u00e4tzlich konditionieren. Im Ergebnis kann die Programmoberfl\u00e4che f\u00fcr diese Art &#8222;Benutzer&#8220; mit der gleichnamigen Rolle und individuellen Filtern so <strong>pr\u00e4zise gestaltet<\/strong> werden, dass sie nur genau das zeigt und kann, was zum Prozess geh\u00f6rt. Ein Mitarbeiter kann so an diversen Prozessen mitwirken.<\/p>\n\n\n\n<p>Auf diese Weise kann Schritt f\u00fcr Schritt das Beschaffen und Verwalten von zweckdienlichen Daten dorthin und an den Mitarbeitenden verlagert werden, der urspr\u00fcnglich verantwortlich ist. Die Akteure haben <strong>einmalig Aufwand<\/strong> mit der Definition von Benutzern, Filtern und Berichten und dem Kennenlernen der Handhabung. Im Ergebnis reduzieren Sie sich dauerhaft den Aufwand und umgehen die Nachteile paralleler Datenverwaltung. In besonderem Umfang trifft das auf die Daten zu, die in mehreren Prozessen auf verschiedene Art und zu verschiedenen Zeiten verwendet werden.<\/p>\n\n\n\n<p>Am Ziel aller W\u00fcnsche ist man angelangt, wenn man f\u00fcr die Mitarbeitenden dort wo u. a. die gebrauchten Daten verwaltet werden, in unserem System gro\u00dfz\u00fcgig eine <strong>exzellente Verwaltungsumgebung<\/strong> daf\u00fcr schafft. Zum Lohn bekommt man die gew\u00fcnschten Daten &#8211; abgesehen vom Kontrollaufwand &#8211; in die eigenen Prozesse serviert und in einigen F\u00e4llen auch einen <strong>Dank<\/strong>. Mitarbeitende vermuten, dass extra f\u00fcr Ihre individuellen Bed\u00fcrfnisse eine passgenaue L\u00f6sung angeschafft wurde.<\/p>\n","protected":false},"excerpt":{"rendered":"<p>TECHNISCH Zun\u00e4chst wird die technisch zu verstehende Rolle eines Systemverwalters verwendet. Mit dieser ausgestattet kann man innerhalb der Programmoberfl\u00e4che uneingeschr\u00e4nkt [&hellip;]<\/p>\n","protected":false},"author":1,"featured_media":0,"parent":0,"menu_order":0,"comment_status":"closed","ping_status":"closed","template":"","meta":{"site-sidebar-layout":"default","site-content-layout":"","ast-site-content-layout":"default","site-content-style":"default","site-sidebar-style":"default","ast-global-header-display":"","ast-banner-title-visibility":"","ast-main-header-display":"","ast-hfb-above-header-display":"","ast-hfb-below-header-display":"","ast-hfb-mobile-header-display":"","site-post-title":"","ast-breadcrumbs-content":"","ast-featured-img":"","footer-sml-layout":"","ast-disable-related-posts":"","theme-transparent-header-meta":"","adv-header-id-meta":"","stick-header-meta":"","header-above-stick-meta":"","header-main-stick-meta":"","header-below-stick-meta":"","astra-migrate-meta-layouts":"default","ast-page-background-enabled":"default","ast-page-background-meta":{"desktop":{"background-color":"var(--ast-global-color-5)","background-image":"","background-repeat":"repeat","background-position":"center center","background-size":"auto","background-attachment":"scroll","background-type":"","background-media":"","overlay-type":"","overlay-color":"","overlay-opacity":"","overlay-gradient":""},"tablet":{"background-color":"","background-image":"","background-repeat":"repeat","background-position":"center center","background-size":"auto","background-attachment":"scroll","background-type":"","background-media":"","overlay-type":"","overlay-color":"","overlay-opacity":"","overlay-gradient":""},"mobile":{"background-color":"","background-image":"","background-repeat":"repeat","background-position":"center center","background-size":"auto","background-attachment":"scroll","background-type":"","background-media":"","overlay-type":"","overlay-color":"","overlay-opacity":"","overlay-gradient":""}},"ast-content-background-meta":{"desktop":{"background-color":"var(--ast-global-color-4)","background-image":"","background-repeat":"repeat","background-position":"center center","background-size":"auto","background-attachment":"scroll","background-type":"","background-media":"","overlay-type":"","overlay-color":"","overlay-opacity":"","overlay-gradient":""},"tablet":{"background-color":"var(--ast-global-color-4)","background-image":"","background-repeat":"repeat","background-position":"center center","background-size":"auto","background-attachment":"scroll","background-type":"","background-media":"","overlay-type":"","overlay-color":"","overlay-opacity":"","overlay-gradient":""},"mobile":{"background-color":"var(--ast-global-color-4)","background-image":"","background-repeat":"repeat","background-position":"center center","background-size":"auto","background-attachment":"scroll","background-type":"","background-media":"","overlay-type":"","overlay-color":"","overlay-opacity":"","overlay-gradient":""}},"footnotes":""},"class_list":["post-278","page","type-page","status-publish","hentry"],"_links":{"self":[{"href":"https:\/\/eigbg-control.de\/index.php?rest_route=\/wp\/v2\/pages\/278","targetHints":{"allow":["GET"]}}],"collection":[{"href":"https:\/\/eigbg-control.de\/index.php?rest_route=\/wp\/v2\/pages"}],"about":[{"href":"https:\/\/eigbg-control.de\/index.php?rest_route=\/wp\/v2\/types\/page"}],"author":[{"embeddable":true,"href":"https:\/\/eigbg-control.de\/index.php?rest_route=\/wp\/v2\/users\/1"}],"replies":[{"embeddable":true,"href":"https:\/\/eigbg-control.de\/index.php?rest_route=%2Fwp%2Fv2%2Fcomments&post=278"}],"version-history":[{"count":12,"href":"https:\/\/eigbg-control.de\/index.php?rest_route=\/wp\/v2\/pages\/278\/revisions"}],"predecessor-version":[{"id":688,"href":"https:\/\/eigbg-control.de\/index.php?rest_route=\/wp\/v2\/pages\/278\/revisions\/688"}],"wp:attachment":[{"href":"https:\/\/eigbg-control.de\/index.php?rest_route=%2Fwp%2Fv2%2Fmedia&parent=278"}],"curies":[{"name":"wp","href":"https:\/\/api.w.org\/{rel}","templated":true}]}}