{"id":276,"date":"2026-02-23T10:11:26","date_gmt":"2026-02-23T09:11:26","guid":{"rendered":"https:\/\/eigbg-control.de\/?page_id=276"},"modified":"2026-03-31T20:05:01","modified_gmt":"2026-03-31T18:05:01","slug":"prozesse","status":"publish","type":"page","link":"https:\/\/eigbg-control.de\/?page_id=276","title":{"rendered":"Prozesse"},"content":{"rendered":"\n<p>Da der Begriff eines Prozesses nicht ferst umrissen ist, gehen wir hier davon aus, dass es um eine <strong>individuelle Handlungsabfolge<\/strong> (Erfassen, Pr\u00fcfen, Korrigieren, Dokumentieren, &#8230;) geht. Der Umfang wird durch einen Vorgang definiert der u. a. betriebswirtschaftlichen, rechtlichen oder organisatorischen Charakter tr\u00e4gt. Mit der hier vorliegenden Technologie besteht nun die M\u00f6glichkeit die zus\u00e4tzlichen Anforderungen grob zu umreisen und unter zu Hilfenahme der aus anderen Prozessen bereits vorhandener Informationen und mittels Erg\u00e4nzung zus\u00e4tzlicher Informationen eine erste Grundlage zur optimalen Unterst\u00fctzung zu schaffen.<\/p>\n\n\n\n<p>Dabei ist es nicht nur m\u00f6glich den Prozess abzubilden. Der Anwender kann durch geeignete Berichte f\u00fcr Mitarbeitende, Berichte zur Kontrolle der <strong>Datenqualit\u00e4t <\/strong>uvm. systematisch eine Prozessumgebung schaffen und diese in die <strong>Benutzeroberfl\u00e4che <\/strong>integrieren oder auch separieren. Erg\u00e4nzt werden Prozesse zudem nach Bedarf mit eigenen Daten\u00fcbernahme- und -ausgaben.<\/p>\n\n\n\n<p><strong>Schnittstellen <\/strong>erm\u00f6glichen die Integration vorhandener Daten, individuelle Begriffsdefinitionen erleichtern die Einbindung gewohnter Termini, individuelle Berichte unterst\u00fctzen die Akzeptanz bei den Endnutzern. Es gelingt auf diese Weise dezentral verteilte unstrukturierte Daten und Prozesse schrittweise so zu organisieren, dass sie zu einem <strong>integrierten Teil<\/strong> einer gr\u00f6\u00dferen Thematik &#8211; zum Beispiel der Wirtschaftsplanung- werden.<\/p>\n\n\n\n<p>Durch die eigenst\u00e4ndige Anpassung und Erweiterung erreichen wir regelm\u00e4\u00dfig eine sehr hohe Zufriedenheit. Das ergibt sich nicht nur aus der Qualit\u00e4t der Ergebnisse sondern insbesondere auch auf die Art der Erreichung. Gerade regelm\u00e4\u00dfig wiederkehrende Prozesse lassen sich mit <strong>deutlichem Qualit\u00e4tsgewinn<\/strong> im Aufwand sp\u00fcrbar reduzieren. Aufgrund der hohen Passf\u00e4higkeit und Individualit\u00e4t vermuten Dritte nicht selten gro\u00dfe Bem\u00fchungen bei der Erstellung.<\/p>\n\n\n\n<p>Besonders beliebt ist in der Praxis die hierarchische Definition von in Gruppen zusammengefassten Einzelberichten. Diese spiegeln die einzelnen Prozessschritte wieder und f\u00fchren zu <strong>hoher Handlungssicherheit<\/strong> auch und gerade dann, wenn die Prozesse nur in gr\u00f6\u00dferen Abst\u00e4nden abgearbeitet werden m\u00fcssen. Besonders wirkungsvoll ist dies, wenn die Ergebnisse aus einer Vielzahl von Berichten und Anlagen bestehen.<\/p>\n\n\n\n<p>Eine zus\u00e4tzliche Synergie ergibt sich abschlie\u00dfend darin, wenn die involvierten Daten aus anderen Prozessen stammen, in unserer Datenbank von anderen Mitarbeitern nach deren Vorstellungen mit unseren Technologien verwaltet werden. Auch sie profitieren dann, weil so mit ungeahnt <strong>wenigen Handgriffen<\/strong> umfassende Zuarbeiten erledigt werden k\u00f6nnen.<\/p>\n\n\n\n<p>Mit der strukturierten zentralen Definition von Prozessen und Daten schafft man unter Umst\u00e4nden wiederum die Grundlage daf\u00fcr, dass andere folgende Prozesse davon profitieren. Die Nutzung <strong>einheitlicher Datenquellen<\/strong> reduziert nicht nur den Aufwand &#8211; es erh\u00f6ht zudem die Konsistenz und Qualit\u00e4t der Auswertungen.<\/p>\n\n\n\n<p>Eine exzellente praktische Umsetzung von diversen Prozessen ist in der Praxis meist mit mehreren Anpassungen verbunden und im Entstehungsprozess sehr <strong>individuell <\/strong>und <strong>nie durchg\u00e4ngig dokumentiert<\/strong>. Allerdinges stehen erfahrene Anwender gern zu Seite und deren Ergebnisse zeigen, dass sich die anf\u00e4nglich unbestritten vorhandenen M\u00fchen letztlich lohnen.<\/p>\n\n\n\n<p><\/p>\n\n\n\n<p><\/p>\n","protected":false},"excerpt":{"rendered":"<p>Da der Begriff eines Prozesses nicht ferst umrissen ist, gehen wir hier davon aus, dass es um eine individuelle Handlungsabfolge [&hellip;]<\/p>\n","protected":false},"author":1,"featured_media":0,"parent":0,"menu_order":0,"comment_status":"closed","ping_status":"closed","template":"","meta":{"site-sidebar-layout":"default","site-content-layout":"","ast-site-content-layout":"default","site-content-style":"default","site-sidebar-style":"default","ast-global-header-display":"","ast-banner-title-visibility":"","ast-main-header-display":"","ast-hfb-above-header-display":"","ast-hfb-below-header-display":"","ast-hfb-mobile-header-display":"","site-post-title":"","ast-breadcrumbs-content":"","ast-featured-img":"","footer-sml-layout":"","ast-disable-related-posts":"","theme-transparent-header-meta":"","adv-header-id-meta":"","stick-header-meta":"","header-above-stick-meta":"","header-main-stick-meta":"","header-below-stick-meta":"","astra-migrate-meta-layouts":"default","ast-page-background-enabled":"default","ast-page-background-meta":{"desktop":{"background-color":"var(--ast-global-color-5)","background-image":"","background-repeat":"repeat","background-position":"center center","background-size":"auto","background-attachment":"scroll","background-type":"","background-media":"","overlay-type":"","overlay-color":"","overlay-opacity":"","overlay-gradient":""},"tablet":{"background-color":"","background-image":"","background-repeat":"repeat","background-position":"center center","background-size":"auto","background-attachment":"scroll","background-type":"","background-media":"","overlay-type":"","overlay-color":"","overlay-opacity":"","overlay-gradient":""},"mobile":{"background-color":"","background-image":"","background-repeat":"repeat","background-position":"center center","background-size":"auto","background-attachment":"scroll","background-type":"","background-media":"","overlay-type":"","overlay-color":"","overlay-opacity":"","overlay-gradient":""}},"ast-content-background-meta":{"desktop":{"background-color":"var(--ast-global-color-4)","background-image":"","background-repeat":"repeat","background-position":"center center","background-size":"auto","background-attachment":"scroll","background-type":"","background-media":"","overlay-type":"","overlay-color":"","overlay-opacity":"","overlay-gradient":""},"tablet":{"background-color":"var(--ast-global-color-4)","background-image":"","background-repeat":"repeat","background-position":"center center","background-size":"auto","background-attachment":"scroll","background-type":"","background-media":"","overlay-type":"","overlay-color":"","overlay-opacity":"","overlay-gradient":""},"mobile":{"background-color":"var(--ast-global-color-4)","background-image":"","background-repeat":"repeat","background-position":"center center","background-size":"auto","background-attachment":"scroll","background-type":"","background-media":"","overlay-type":"","overlay-color":"","overlay-opacity":"","overlay-gradient":""}},"footnotes":""},"class_list":["post-276","page","type-page","status-publish","hentry"],"_links":{"self":[{"href":"https:\/\/eigbg-control.de\/index.php?rest_route=\/wp\/v2\/pages\/276","targetHints":{"allow":["GET"]}}],"collection":[{"href":"https:\/\/eigbg-control.de\/index.php?rest_route=\/wp\/v2\/pages"}],"about":[{"href":"https:\/\/eigbg-control.de\/index.php?rest_route=\/wp\/v2\/types\/page"}],"author":[{"embeddable":true,"href":"https:\/\/eigbg-control.de\/index.php?rest_route=\/wp\/v2\/users\/1"}],"replies":[{"embeddable":true,"href":"https:\/\/eigbg-control.de\/index.php?rest_route=%2Fwp%2Fv2%2Fcomments&post=276"}],"version-history":[{"count":15,"href":"https:\/\/eigbg-control.de\/index.php?rest_route=\/wp\/v2\/pages\/276\/revisions"}],"predecessor-version":[{"id":686,"href":"https:\/\/eigbg-control.de\/index.php?rest_route=\/wp\/v2\/pages\/276\/revisions\/686"}],"wp:attachment":[{"href":"https:\/\/eigbg-control.de\/index.php?rest_route=%2Fwp%2Fv2%2Fmedia&parent=276"}],"curies":[{"name":"wp","href":"https:\/\/api.w.org\/{rel}","templated":true}]}}