{"id":274,"date":"2026-02-23T10:11:05","date_gmt":"2026-02-23T09:11:05","guid":{"rendered":"https:\/\/eigbg-control.de\/?page_id=274"},"modified":"2026-03-31T19:55:43","modified_gmt":"2026-03-31T17:55:43","slug":"architektur","status":"publish","type":"page","link":"https:\/\/eigbg-control.de\/?page_id=274","title":{"rendered":"Architektur"},"content":{"rendered":"\n<p>Die Gro\u00dfzahl der Ihnen im kaufm\u00e4nnischen Umfeld belkannten Softwareanwendungen richten sich in ihrer Funktionalit\u00e4t an einem konkreten Thema aus. Das Einsatzspektrum ist dann entsprechend einfach zu umreisen. Unsere Technologie behandelt hingegen eine ganze Reihe von <strong>umfangreich verzahnten, scheinbar eigenst\u00e4ndigen Themen<\/strong>, vorwiegend auf dem Gebiet des strategischen Controllings. Viele Informationen, Werte und Entwicklungen wirken in mehreren Themen, zum Beispiel im Jahresabschluss, dem Wirtschaftsplan, der Geb\u00fchrenkalkulation und der Budgetierung. Die Architektur basiert bei der Verwaltung der Objekte daher <strong>nicht auf Themen<\/strong>, sondern vielmehr auf Module, die die ben\u00f6tigten Werte, egal wof\u00fcr diese verwendet werden, nur einmal strukturiert aufbewahren.<\/p>\n\n\n\n<p>Auf Grund der Offenheit der Technologie kommt es in Abst\u00e4nden dazu, dass &#8211; ohne den Funktionsumfang zu erweitern &#8211; weitere Branchen und neue Themenfelder erschlossen werden. In der Beschreibung der Technologie konzentrieren wir uns daher auf die uns bisher <strong>bekannten Anwendungsf\u00e4lle<\/strong> aus Planung und Kalkulation. Allerdings k\u00f6nnen gerade diese Themenfelder nur aus einer ganzheitlichen Perspektive betrachtet werden. Insofern sind auch Teile, die au\u00dferhalb unseres Systems entstehen regelm\u00e4\u00dfig fester Bestandteil und werden bei Bedarf in den f\u00fcr das strategische Controlling relevanten Bereichen selektiv aggregiert gespiegelt. Gegenstand der Architektur ist es, fr\u00fcher oder sp\u00e4ter alle ben\u00f6tigten Informationen <strong>zyklisch zusammenzuf\u00fchren.<\/strong> So kann die Erl\u00e4uterung der Ergebnisse vollumf\u00e4nglich mit maximaler <strong>Transparenz <\/strong>erfolgen &#8211; so wie u. a. bei Geb\u00fchrenkalkulationen und <strong>Budgetierung <\/strong>regelm\u00e4\u00dfig notwendig.<\/p>\n\n\n\n<p>Zun\u00e4chst wird hier nur kurz erl\u00e4utert was wir unter dem Begriff <strong>Offenheit<\/strong> verstehen. Besteht zum Beispiel die Notwendigkeit der Verwaltung von Adressen, finden Sie dazu i. d. R. in einer Anwendung eine unver\u00e4nderbare &#8222;Eingabemaske&#8220;. Das hat den Vorteil, dass Sie unmittelbar mit der Erfassung beginnen k\u00f6nnen. Der Nachteil ist, das Besonderheiten wie zum Beispiel die &#8222;Art der Anbindung&#8220; (\u00f6ffentliche Stra\u00dfe, private Stra\u00dfe, Weg, &#8230;) nicht unterst\u00fctzt werden. In einer offenen Architektur legt der Anwender selbst fest, welche Eigenschaften ein Objekt &#8211; hier eine Adresse &#8211; ben\u00f6tigt. Er kann diese eigenst\u00e4ndig definieren, mit Auswahlkriterien hinterlegen, danach selektieren, in prozessbezogenen Berichten verwenden uvm. Im Rahmen der weiteren Beschreibung erfahren Sie an konkreten praktisch F\u00e4llen mehr dazu.<\/p>\n\n\n\n<p>Vordergr\u00fcndig sind zun\u00e4chst die Funktionsmodule erkennbar, die im Alltag zum Erstellen, Verwalten und Auswerten der Daten genutzt werden. Im Mittelpunkt steht dabei das Modul CO &#8211; Controlling. Alle anderen Funktionsmodule haben eigene Schwerpunkte unterst\u00fctzen aber das Controlling bei der detaillierten Ermittlung der Planans\u00e4tze.<\/p>\n\n\n\n<figure class=\"wp-block-image aligncenter size-large\"><img loading=\"lazy\" decoding=\"async\" width=\"1024\" height=\"597\" src=\"https:\/\/eigbg-control.de\/wp-content\/uploads\/2026\/02\/Aufbau-Architektur-260223-1024x597.jpg\" alt=\"\" class=\"wp-image-347\" srcset=\"https:\/\/eigbg-control.de\/wp-content\/uploads\/2026\/02\/Aufbau-Architektur-260223-1024x597.jpg 1024w, https:\/\/eigbg-control.de\/wp-content\/uploads\/2026\/02\/Aufbau-Architektur-260223-300x175.jpg 300w, https:\/\/eigbg-control.de\/wp-content\/uploads\/2026\/02\/Aufbau-Architektur-260223-768x448.jpg 768w, https:\/\/eigbg-control.de\/wp-content\/uploads\/2026\/02\/Aufbau-Architektur-260223.jpg 1372w\" sizes=\"auto, (max-width: 1024px) 100vw, 1024px\" \/><\/figure>\n\n\n\n<p>Wesentlichstes Merkmal der Architektur ist der <strong>ungewohnte Gestaltungsspielraum<\/strong> beim Aufbau und Ausbau. Jahrzehntelange Erfahrung zeigt obwohl Anwender in gleichen Branchen, in gleichen Rechtsr\u00e4umen und r\u00e4umlich im neben einander liegenden Umfeldern agieren, setzen sie dennoch deutliche unterschiedliche Akzente. Ursache daf\u00fcr ist i. d. R. das konkrete kommunalrechtliche, technische und personelle Umfeld.<\/p>\n\n\n\n<p>In der Praxis findet man insbesondere f\u00fcr Planungsvorg\u00e4nge wenig datenbankbasierte Technologien. Meist wird in Ermangelung der Kenntnis \u00fcber die Verf\u00fcgbarkeit unserer Technologie auf die Tabellenkalkulation zur\u00fcckgegriffen. Trotz verf\u00fchrerischer Funktionalit\u00e4t werden gerade bei umfangreicheren und tiefgr\u00fcndigeren Verfahren schnell die Grenzen und Risiken der Tabellenkalkulation offensichtlich. Da wir im Zuge einer m\u00f6glichst <strong>hohen Rechtssicherheit <\/strong>fundamental auf Transparenz setzen, m\u00fcssen wir schwerpunktm\u00e4\u00dfig <strong>ins Detail <\/strong>gehen. Das daf\u00fcr notwendige Potential haben nur Datenbanken. Die Steigerung der Effizienz im Alltag setzt wiederum eine thematisch und funktional selektive Mehrnutzerf\u00e4higkeit voraus. Auch das ist kein Fall f\u00fcr eine Tabellenkalkulationen.<\/p>\n\n\n\n<p>Der verbreitetste Ansatz f\u00fcr die Organisation von Datenbanken ist der <strong>relationale Aufbau<\/strong>. Hier ist der Umfang der Eigenschaften zu einem Objekt fest umrissen. Zumeist entstanden und bew\u00e4hrt im Umfeld fest definierbarer kaufm\u00e4nnischer Standardaufgaben wie zum Beispiel bei einer Finanzbuchhaltung. Danach hat sich diese Herangehensweise auf viele weitere Einsatzfelder meist erfolgreich ausgeweitet.<\/p>\n\n\n\n<p>Eine exemplarisch diffuse Herausforderungen f\u00fcr die praktische Anwendbarkeit unserer Technologie war die Handhabung von <strong>Investitionsplanungen<\/strong> und Betreuung der <strong>Umsetzung <\/strong>der Vorhaben. Das in der Praxis dazu anzutreffende Spektrum an Umfang, Termini und Handhabung war und ist breit gef\u00e4chert. Zudem verteilte sich das Wissen \u00fcber die einzelnen Informationen auf mehrere Handelnde, \u00fcber mehrere Jahre in mehreren Versionen. Mit einheitlichen, fest strukturierten Ans\u00e4tzen war man den Herausforderungen nur unangemessen gewachsen. Diese Aufgabenstellung war die Geburtsstunde des ersten Moduls &#8211; IP-Investitionsplanung.<\/p>\n\n\n\n<p>Es war unumg\u00e4nglich eine aufwendigere aber sehr <strong>leistungsf\u00e4hige Datenbankarchitektur<\/strong> zu w\u00e4hlen &#8211; den <strong>objektorientierten Aufbau<\/strong>. Hier bestimmt nur der Anwender auf der Basis seiner Prozessanalyse die Art und die Anzahl von Werten, Eigenschaften und Zeitr\u00e4umen. Neben dem Einsatz bei Investitionen und Anlageg\u00fctern hat sich diese Art der Herangehensweise bei allen Modulen im Berichtswesen bestens bew\u00e4hrt. N\u00e4heres dazu erfahren Sie in der Erl\u00e4uterung der Module, den Dokumentationen, der Musterdatenbank und den Beispielen und nat\u00fcrlich nicht zuletzt direkt von erfahrenen Anwendern.<\/p>\n\n\n\n<p>Allgemein zeichnet sich die Offenheit einer Architektur dadurch aus, dass sie sich in \u00dcbereinstimmung mit dem jeweiligen Stand der Erkenntnisse den <strong>wechselnden Anforderungen<\/strong> anpassen kann. In unserer <strong>baukastenartigen <\/strong>Architektur definieren sich die Anwender sogar die Bausteine selbst &#8211; ohne Anpassung des Programms. Auf mehr Individualit\u00e4t trifft man sicher selten.<\/p>\n\n\n\n<p>Die Anwender und Prozesse bedienen sich eigenst\u00e4ndig zur Erf\u00fcllung Ihrer Themen im notwendigen Umfang in den Modulen. Berichte k\u00f6nnen so definiert, erg\u00e4nzt, beliebig kombiniert und gruppiert werden. Fr\u00fcher oder sp\u00e4ter &#8211; gelingt die Handhabung \u00e4u\u00dferst komplexer Themen mit hoher Transparenz und Zufriedenheit auf Seiten derer die die Berichte erstellen als auch auf der Seite derer die die Ergebnisse nutzen. Die Instrumente zur Erstellung, Pr\u00fcfung und Abstimmung sind getrennt von den vielf\u00e4ltigen abschlie\u00dfenden Pr\u00e4sentationsformen.<\/p>\n","protected":false},"excerpt":{"rendered":"<p>Die Gro\u00dfzahl der Ihnen im kaufm\u00e4nnischen Umfeld belkannten Softwareanwendungen richten sich in ihrer Funktionalit\u00e4t an einem konkreten Thema aus. Das [&hellip;]<\/p>\n","protected":false},"author":1,"featured_media":0,"parent":0,"menu_order":0,"comment_status":"closed","ping_status":"closed","template":"","meta":{"site-sidebar-layout":"default","site-content-layout":"","ast-site-content-layout":"default","site-content-style":"default","site-sidebar-style":"default","ast-global-header-display":"","ast-banner-title-visibility":"","ast-main-header-display":"","ast-hfb-above-header-display":"","ast-hfb-below-header-display":"","ast-hfb-mobile-header-display":"","site-post-title":"","ast-breadcrumbs-content":"","ast-featured-img":"","footer-sml-layout":"","ast-disable-related-posts":"","theme-transparent-header-meta":"","adv-header-id-meta":"","stick-header-meta":"","header-above-stick-meta":"","header-main-stick-meta":"","header-below-stick-meta":"","astra-migrate-meta-layouts":"default","ast-page-background-enabled":"default","ast-page-background-meta":{"desktop":{"background-color":"var(--ast-global-color-5)","background-image":"","background-repeat":"repeat","background-position":"center center","background-size":"auto","background-attachment":"scroll","background-type":"","background-media":"","overlay-type":"","overlay-color":"","overlay-opacity":"","overlay-gradient":""},"tablet":{"background-color":"","background-image":"","background-repeat":"repeat","background-position":"center center","background-size":"auto","background-attachment":"scroll","background-type":"","background-media":"","overlay-type":"","overlay-color":"","overlay-opacity":"","overlay-gradient":""},"mobile":{"background-color":"","background-image":"","background-repeat":"repeat","background-position":"center center","background-size":"auto","background-attachment":"scroll","background-type":"","background-media":"","overlay-type":"","overlay-color":"","overlay-opacity":"","overlay-gradient":""}},"ast-content-background-meta":{"desktop":{"background-color":"var(--ast-global-color-4)","background-image":"","background-repeat":"repeat","background-position":"center center","background-size":"auto","background-attachment":"scroll","background-type":"","background-media":"","overlay-type":"","overlay-color":"","overlay-opacity":"","overlay-gradient":""},"tablet":{"background-color":"var(--ast-global-color-4)","background-image":"","background-repeat":"repeat","background-position":"center center","background-size":"auto","background-attachment":"scroll","background-type":"","background-media":"","overlay-type":"","overlay-color":"","overlay-opacity":"","overlay-gradient":""},"mobile":{"background-color":"var(--ast-global-color-4)","background-image":"","background-repeat":"repeat","background-position":"center center","background-size":"auto","background-attachment":"scroll","background-type":"","background-media":"","overlay-type":"","overlay-color":"","overlay-opacity":"","overlay-gradient":""}},"footnotes":""},"class_list":["post-274","page","type-page","status-publish","hentry"],"_links":{"self":[{"href":"https:\/\/eigbg-control.de\/index.php?rest_route=\/wp\/v2\/pages\/274","targetHints":{"allow":["GET"]}}],"collection":[{"href":"https:\/\/eigbg-control.de\/index.php?rest_route=\/wp\/v2\/pages"}],"about":[{"href":"https:\/\/eigbg-control.de\/index.php?rest_route=\/wp\/v2\/types\/page"}],"author":[{"embeddable":true,"href":"https:\/\/eigbg-control.de\/index.php?rest_route=\/wp\/v2\/users\/1"}],"replies":[{"embeddable":true,"href":"https:\/\/eigbg-control.de\/index.php?rest_route=%2Fwp%2Fv2%2Fcomments&post=274"}],"version-history":[{"count":25,"href":"https:\/\/eigbg-control.de\/index.php?rest_route=\/wp\/v2\/pages\/274\/revisions"}],"predecessor-version":[{"id":684,"href":"https:\/\/eigbg-control.de\/index.php?rest_route=\/wp\/v2\/pages\/274\/revisions\/684"}],"wp:attachment":[{"href":"https:\/\/eigbg-control.de\/index.php?rest_route=%2Fwp%2Fv2%2Fmedia&parent=274"}],"curies":[{"name":"wp","href":"https:\/\/api.w.org\/{rel}","templated":true}]}}