{"id":225,"date":"2026-02-21T16:38:19","date_gmt":"2026-02-21T15:38:19","guid":{"rendered":"https:\/\/eigbg-control.de\/?page_id=225"},"modified":"2026-04-01T15:38:39","modified_gmt":"2026-04-01T13:38:39","slug":"bibliothek","status":"publish","type":"page","link":"https:\/\/eigbg-control.de\/?page_id=225","title":{"rendered":"BI &#8211; Bibliothek"},"content":{"rendered":"\n<p>Ein zentraler modul\u00fcbergreifender Bestandteil sind die systemseitig bereitgestellten <strong>Parameter <\/strong>und <strong>Variablen <\/strong>f\u00fcr die Berichte und die Benutzeroberfl\u00e4che. Deren Verwendung erfordert die Verwendung spezieller Schreibweisen die nur hier vollst\u00e4ndig einsehbar sind. Bedarf ergibt sich besonders aus dem &#8222;mitlaufenden&#8220; Charakter der Berichte. Um Anpassungen zu vermeiden, m\u00fcssen u. a. alle Zeitangaben mit Variablen definiert werden.<\/p>\n\n\n\n<p>Die \u00dcbersichtlichkeit und Administration in den Publikumsmodulen wird in erheblicher Weise verbessert, indem alle seltener verwendeten Objekte und Definitionen zentral aber au\u00dferhalb verwaltet werden. Dies trifft insbesondere und durchg\u00e4ngig auf alle potentiell m\u00f6glichen Berichtsbestandteile zu. Anwendende, die sich mit dem Aufbau der Berichte besch\u00e4ftigen, finden hier alle systemseitig f\u00fcr alle Anwender einheitlich verf\u00fcgbaren <strong>Berichtartpositionen<\/strong>.<\/p>\n\n\n\n<p>Der offenen Technologie folgend m\u00fcssen eine ganze Reihe von <strong>Objekten <\/strong>und <strong>Konstruktionen <\/strong>nur bei Bedarf und in individueller Weise definiert und kombiniert werden. Da auch dies nur in der Aufbauphase notwendig ist, wurde f\u00fcr alle Module dieser funktionale Bestandteile an die Bibliothek abgegeben. Neben der o. g. Verbesserung der <strong>\u00dcbersichtlichkeit <\/strong>dient die Separierung der Definitionsumgebung hier auch den <strong>Sicherheitsaspekten<\/strong>. Bestimmte Definitionen haben sehr komplexe Auswirkungen und sind daher besser nur autorisierten Benutzern zug\u00e4nglich.<\/p>\n\n\n\n<p>Die urspr\u00fcnglich vermutete einheitliche Bereitstellung von Inhalten &#8211; entsprechend weitgehend einheitlicher fachlichen Anforderungen der Branche &#8211; hat sich praktisch noch nicht bewahrheitet. Das Ma\u00df an <strong>Individualit\u00e4t <\/strong>welches sich in der Praxis darstellt, ist so hoch, dass letztlich auch die Bibliothek nach den individuellen Anforderungen aufgebaut und gef\u00fcllt wird. Dies kann sich systematisch \u00e4ndern, so dass in den Datenbanken zumindest das was landesspezifisch und branchentypisch ist, bereits von Beginn an enthalten ist.<\/p>\n\n\n\n<p>Dann w\u00e4re beiden Aspekten gen\u00fcge getan. Einerseits das sichere Einhalten der vorgegebenen Bestandteile und andererseits die Option eigene Inhalte beliebig zu erg\u00e4nzen. Diese setzt jedoch voraus, dass zentral vorgegebenen Inhalte auch individuell akzeptiert werden. Aktuell genie\u00dfen die Anwender offen zug\u00e4ngliche Vereinbarungen.<\/p>\n","protected":false},"excerpt":{"rendered":"<p>Ein zentraler modul\u00fcbergreifender Bestandteil sind die systemseitig bereitgestellten Parameter und Variablen f\u00fcr die Berichte und die Benutzeroberfl\u00e4che. Deren Verwendung erfordert [&hellip;]<\/p>\n","protected":false},"author":1,"featured_media":0,"parent":0,"menu_order":0,"comment_status":"closed","ping_status":"closed","template":"","meta":{"site-sidebar-layout":"default","site-content-layout":"","ast-site-content-layout":"default","site-content-style":"default","site-sidebar-style":"default","ast-global-header-display":"","ast-banner-title-visibility":"","ast-main-header-display":"","ast-hfb-above-header-display":"","ast-hfb-below-header-display":"","ast-hfb-mobile-header-display":"","site-post-title":"","ast-breadcrumbs-content":"","ast-featured-img":"","footer-sml-layout":"","ast-disable-related-posts":"","theme-transparent-header-meta":"","adv-header-id-meta":"","stick-header-meta":"","header-above-stick-meta":"","header-main-stick-meta":"","header-below-stick-meta":"","astra-migrate-meta-layouts":"default","ast-page-background-enabled":"default","ast-page-background-meta":{"desktop":{"background-color":"var(--ast-global-color-5)","background-image":"","background-repeat":"repeat","background-position":"center center","background-size":"auto","background-attachment":"scroll","background-type":"","background-media":"","overlay-type":"","overlay-color":"","overlay-opacity":"","overlay-gradient":""},"tablet":{"background-color":"","background-image":"","background-repeat":"repeat","background-position":"center center","background-size":"auto","background-attachment":"scroll","background-type":"","background-media":"","overlay-type":"","overlay-color":"","overlay-opacity":"","overlay-gradient":""},"mobile":{"background-color":"","background-image":"","background-repeat":"repeat","background-position":"center center","background-size":"auto","background-attachment":"scroll","background-type":"","background-media":"","overlay-type":"","overlay-color":"","overlay-opacity":"","overlay-gradient":""}},"ast-content-background-meta":{"desktop":{"background-color":"var(--ast-global-color-4)","background-image":"","background-repeat":"repeat","background-position":"center center","background-size":"auto","background-attachment":"scroll","background-type":"","background-media":"","overlay-type":"","overlay-color":"","overlay-opacity":"","overlay-gradient":""},"tablet":{"background-color":"var(--ast-global-color-4)","background-image":"","background-repeat":"repeat","background-position":"center center","background-size":"auto","background-attachment":"scroll","background-type":"","background-media":"","overlay-type":"","overlay-color":"","overlay-opacity":"","overlay-gradient":""},"mobile":{"background-color":"var(--ast-global-color-4)","background-image":"","background-repeat":"repeat","background-position":"center center","background-size":"auto","background-attachment":"scroll","background-type":"","background-media":"","overlay-type":"","overlay-color":"","overlay-opacity":"","overlay-gradient":""}},"footnotes":""},"class_list":["post-225","page","type-page","status-publish","hentry"],"_links":{"self":[{"href":"https:\/\/eigbg-control.de\/index.php?rest_route=\/wp\/v2\/pages\/225","targetHints":{"allow":["GET"]}}],"collection":[{"href":"https:\/\/eigbg-control.de\/index.php?rest_route=\/wp\/v2\/pages"}],"about":[{"href":"https:\/\/eigbg-control.de\/index.php?rest_route=\/wp\/v2\/types\/page"}],"author":[{"embeddable":true,"href":"https:\/\/eigbg-control.de\/index.php?rest_route=\/wp\/v2\/users\/1"}],"replies":[{"embeddable":true,"href":"https:\/\/eigbg-control.de\/index.php?rest_route=%2Fwp%2Fv2%2Fcomments&post=225"}],"version-history":[{"count":7,"href":"https:\/\/eigbg-control.de\/index.php?rest_route=\/wp\/v2\/pages\/225\/revisions"}],"predecessor-version":[{"id":697,"href":"https:\/\/eigbg-control.de\/index.php?rest_route=\/wp\/v2\/pages\/225\/revisions\/697"}],"wp:attachment":[{"href":"https:\/\/eigbg-control.de\/index.php?rest_route=%2Fwp%2Fv2%2Fmedia&parent=225"}],"curies":[{"name":"wp","href":"https:\/\/api.w.org\/{rel}","templated":true}]}}