{"id":223,"date":"2026-02-21T16:37:50","date_gmt":"2026-02-21T15:37:50","guid":{"rendered":"https:\/\/eigbg-control.de\/?page_id=223"},"modified":"2026-04-01T15:32:25","modified_gmt":"2026-04-01T13:32:25","slug":"initialisierung","status":"publish","type":"page","link":"https:\/\/eigbg-control.de\/?page_id=223","title":{"rendered":"IN &#8211; Initialisierung"},"content":{"rendered":"\n<p>Dieses Modul steht automatisch den Anwendern mit der Rolle des <strong>Systemverwalters <\/strong>zur Verf\u00fcgung. Anderen Anwendern mit der Rolle eines Administrators oder Benutzers kann das Modul optional zugewiesen werden.<\/p>\n\n\n\n<p>Wichtigster Gegenstand der Datenbank ist &#8211; in Anlehnung an den Sprachgebrauch der Kommunalabgabengesetze &#8211; der <strong>Aufgabentr\u00e4ger<\/strong>. Unter diesem k\u00f6nnen nur in diesem Modul beliebig viele \u00f6ffentlichen Aufgaben und darunter jeweils beliebig viele \u00f6ffentliche Einrichtungen definiert werden. Diese k\u00f6nnen auch nur hier angepasst werden. <\/p>\n\n\n\n<p>Da es eine Vielzahl verschiedenster Aufgabentr\u00e4ger, Arten von \u00f6ffentliche Aufgaben und Arten von \u00f6ffentliche Einrichtungen gibt, ist das Programm zur Einrichtung beliebige Variationen ohne Begrenzung offen. Der Systemverwalter kann hier &#8211; idealerweise auch in namentlicher \u00dcbereinstimmung &#8211; die <strong>satzungsgem\u00e4\u00df <\/strong>vereinbarten Bestandteile im <strong>Sinne der KAGs <\/strong>definieren und hierarchisch zuweisen. Im Ergebnis entsteht eine modul\u00fcbergreifende einheitliche &#8222;<strong>Grundkonstruktion<\/strong>&#8222;. Die sich in der Praxis ergebende Notwendigkeit von Anpassungen sind nur hier m\u00f6glich. Ein ma\u00dfgeblicher Hintergrund dieser Strukturierung ist die Verpflichtung insbesondere bei Geb\u00fchrenkalkulationen <strong>einrichtungsbezogene<\/strong> und in Wirtschaftspl\u00e4nen teils <strong>aufgabenbezogene <\/strong>Auswertungen vornehmen zu k\u00f6nnen.<\/p>\n\n\n\n<p>Nach der Definition der satzungsgem\u00e4\u00dfen Grundbestandteile k\u00f6nnen hier beliebig viele <strong>Benutzer <\/strong>definiert, die <strong>Rollen <\/strong>und Module zugewiesen werden. Also welcher Benutzer oder Prozess darf mit welcher Rolle Module sehen oder nicht. Zudem werden zur Sicherheit der Daten benutzerbezogene Passw\u00f6rter verwaltet. Sie verhindern den einfachen Zugang zu Daten und Auswertungen. Damit wird die Grundlage f\u00fcr die <strong>Nachvollziehbarkeit <\/strong>von \u00c4nderungen geschaffen. Somit ist also ersichtlich, welcher Benutzer zuletzt an welchen Daten gearbeitet hat.<\/p>\n\n\n\n<p>Standardm\u00e4\u00dfig stehen den Benutzern zun\u00e4chst alle <strong>Module <\/strong>zur Verf\u00fcgung. Sollen einzelne Module generell keinem Benutzer zugewiesen werden d\u00fcrfen, so kann man diesen hier die Freigabe zentral verwehren. Zu \u00dcbersichtszwecken und um insbesondere <strong>Auslastungen <\/strong>und <strong>Limitierungen <\/strong>zu dokumentieren, steht hier modulweise eine <strong>Statistik <\/strong>\u00fcber die wesentlichen Objekte zur Verf\u00fcgung. Gelegentlich hilfreich ist die M\u00f6glichkeit zur individuellen Anpassung der Lang- und Kurzbezeichnungen der Module. Durch deren Anpassung k\u00f6nnen u. a. Kollisionen mit bereits vorhandenen Anwendungen vermieden werden.<\/p>\n\n\n\n<p>Abschlie\u00dfend wird hier bezogen auf Modul, Rolle und Operation jeweils detailliert \u00fcber die <strong>Rechte der Nutzung <\/strong>entschieden. Soll zum Beispiel in ausgew\u00e4hlten Prozessen das L\u00f6schen von Objekten verhindert werden, dann kann hier &#8211; zum Beispiel die Anzeige der Operation <em>L\u00f6schen<\/em> &#8211; blockiert werden. Ein unerw\u00fcnschtes Ausf\u00fchren von <strong>Operation wird verhindert<\/strong>, indem diese gar nicht erst angezeigt werden.<\/p>\n","protected":false},"excerpt":{"rendered":"<p>Dieses Modul steht automatisch den Anwendern mit der Rolle des Systemverwalters zur Verf\u00fcgung. Anderen Anwendern mit der Rolle eines Administrators [&hellip;]<\/p>\n","protected":false},"author":1,"featured_media":0,"parent":0,"menu_order":0,"comment_status":"closed","ping_status":"closed","template":"","meta":{"site-sidebar-layout":"default","site-content-layout":"","ast-site-content-layout":"default","site-content-style":"default","site-sidebar-style":"default","ast-global-header-display":"","ast-banner-title-visibility":"","ast-main-header-display":"","ast-hfb-above-header-display":"","ast-hfb-below-header-display":"","ast-hfb-mobile-header-display":"","site-post-title":"","ast-breadcrumbs-content":"","ast-featured-img":"","footer-sml-layout":"","ast-disable-related-posts":"","theme-transparent-header-meta":"","adv-header-id-meta":"","stick-header-meta":"","header-above-stick-meta":"","header-main-stick-meta":"","header-below-stick-meta":"","astra-migrate-meta-layouts":"default","ast-page-background-enabled":"default","ast-page-background-meta":{"desktop":{"background-color":"var(--ast-global-color-5)","background-image":"","background-repeat":"repeat","background-position":"center center","background-size":"auto","background-attachment":"scroll","background-type":"","background-media":"","overlay-type":"","overlay-color":"","overlay-opacity":"","overlay-gradient":""},"tablet":{"background-color":"","background-image":"","background-repeat":"repeat","background-position":"center center","background-size":"auto","background-attachment":"scroll","background-type":"","background-media":"","overlay-type":"","overlay-color":"","overlay-opacity":"","overlay-gradient":""},"mobile":{"background-color":"","background-image":"","background-repeat":"repeat","background-position":"center center","background-size":"auto","background-attachment":"scroll","background-type":"","background-media":"","overlay-type":"","overlay-color":"","overlay-opacity":"","overlay-gradient":""}},"ast-content-background-meta":{"desktop":{"background-color":"var(--ast-global-color-4)","background-image":"","background-repeat":"repeat","background-position":"center center","background-size":"auto","background-attachment":"scroll","background-type":"","background-media":"","overlay-type":"","overlay-color":"","overlay-opacity":"","overlay-gradient":""},"tablet":{"background-color":"var(--ast-global-color-4)","background-image":"","background-repeat":"repeat","background-position":"center center","background-size":"auto","background-attachment":"scroll","background-type":"","background-media":"","overlay-type":"","overlay-color":"","overlay-opacity":"","overlay-gradient":""},"mobile":{"background-color":"var(--ast-global-color-4)","background-image":"","background-repeat":"repeat","background-position":"center center","background-size":"auto","background-attachment":"scroll","background-type":"","background-media":"","overlay-type":"","overlay-color":"","overlay-opacity":"","overlay-gradient":""}},"footnotes":""},"class_list":["post-223","page","type-page","status-publish","hentry"],"_links":{"self":[{"href":"https:\/\/eigbg-control.de\/index.php?rest_route=\/wp\/v2\/pages\/223","targetHints":{"allow":["GET"]}}],"collection":[{"href":"https:\/\/eigbg-control.de\/index.php?rest_route=\/wp\/v2\/pages"}],"about":[{"href":"https:\/\/eigbg-control.de\/index.php?rest_route=\/wp\/v2\/types\/page"}],"author":[{"embeddable":true,"href":"https:\/\/eigbg-control.de\/index.php?rest_route=\/wp\/v2\/users\/1"}],"replies":[{"embeddable":true,"href":"https:\/\/eigbg-control.de\/index.php?rest_route=%2Fwp%2Fv2%2Fcomments&post=223"}],"version-history":[{"count":28,"href":"https:\/\/eigbg-control.de\/index.php?rest_route=\/wp\/v2\/pages\/223\/revisions"}],"predecessor-version":[{"id":695,"href":"https:\/\/eigbg-control.de\/index.php?rest_route=\/wp\/v2\/pages\/223\/revisions\/695"}],"wp:attachment":[{"href":"https:\/\/eigbg-control.de\/index.php?rest_route=%2Fwp%2Fv2%2Fmedia&parent=223"}],"curies":[{"name":"wp","href":"https:\/\/api.w.org\/{rel}","templated":true}]}}