{"id":2,"date":"2026-02-12T11:36:18","date_gmt":"2026-02-12T10:36:18","guid":{"rendered":"https:\/\/eigbg-control.de\/?page_id=2"},"modified":"2026-04-13T10:40:24","modified_gmt":"2026-04-13T08:40:24","slug":"beispiel-seite","status":"publish","type":"page","link":"https:\/\/eigbg-control.de\/?page_id=2","title":{"rendered":"AUFBAU"},"content":{"rendered":"\n<p>Ein erster Ausgangspunkt f\u00fcr die Nutzung innovativer Methoden war die Erkenntnis, dass die Komplexit\u00e4t und die <strong>Dynamik eines Planungsszenarios<\/strong> f\u00fcr einen ganzen Betrieb den Rahmen herk\u00f6mmlicher Instrumente gleich unter mehreren Gesichtspunkten sprengte. Trotz immensem Aufwand und Akribie konnte meist nur eine reduzierte Augenblicksaufnahme dessen abgebildet werden, was sich in der Praxis tats\u00e4chlich abspielen k\u00f6nnte. Die Planung war nicht selten auf Grund \u00fcberdurchschnittlich intensiver Investitionst\u00e4tigkeit bereits in dem Augenblick nicht mehr aktuell, in dem sie vorgetragen, gedruckt oder beschlossen wurde. Damit wollten sich &#8211; insbesondere die ambitionierten &#8211; Akteure nicht abfinden.<\/p>\n\n\n\n<p>Ein zweiter, zun\u00e4chst unabh\u00e4ngiger, Punkt beherbergt eine eigene anders geartete Dramatik, die aber \u00e4hnliche Ursachen hatte. Es war zum Zeitpunkt des Beginns der Entwicklung &#8211; heute vielleicht noch mehr als damals &#8211; ein unbefriedigender Zustand, dass die enormen finanziellen Aufwendungen f\u00fcr die <strong>Sicherstellung der Daseinsvorsorge<\/strong> insbesondere in ihrer Dynamik nur schwer darstellbar und vermittelbar waren und sind. Im Zuge dessen kam und kommt es aus verschiedensten Gr\u00fcnden zu Verzerrungen, so dass es im Ergebnis dessen nicht selten zu einem \u00e4u\u00dferst unbefriedigenden Zustand der Infrastruktur kommt. Die H\u00f6he von <strong>Preisen oder Geb\u00fchren f\u00fcr die Inanspruchnahme \u00f6ffentlicher Leistungen<\/strong> ist &#8211; damals wie heute &#8211; best\u00e4ndiger Bestandteil der Debatten und unz\u00e4hligen teuren und langwierigen Rechtsstreits. Um diese Themen ganzheitlich, professionell und m\u00f6glichst \u00fcberzeugend zu handhaben, fehlten den Eigenbetriebe geeignete Technologien &#8211; damals.<\/p>\n\n\n\n<p>Der Aufbau einer L\u00f6sung musste also mindestens diese beiden Problemen gleicherma\u00dfen beherrschen. Er musste uneingeschr\u00e4nkt die Komplexit\u00e4t der Realit\u00e4t mit ihrer Dynamik abbilden k\u00f6nnen aber gleichsam <strong>robust, alltagstauglich und vermittelbar<\/strong> sein. Abgesehen von technischen sind auch die menschlichen Herausforderungen nicht zu untersch\u00e4tzen. Diese ergeben sich u. a. unweigerlich immer dann, wenn langj\u00e4hrig gehegte &#8222;Inseln des Herrschaftswissens&#8220; untergehen. Unerw\u00fcnschter <strong>Erkenntniszuwachs <\/strong>auftritt, wenn an Stelle von Sch\u00e4tzungen echte Berechnungen &#8211; detailliert nachvollziehbar &#8211; treten an deren Ergebnisse kein methodischer und rechnerischer Zweifel mehr besteht. Also neben Daten m\u00fcssen auch die Akteure und Verantwortlichen eingebunden werden.<\/p>\n\n\n\n<p>Die bei den Anwendern \u00fcber mehrere Jahrzehnte in den Datenbanken abgebildeten &#8222;Modelle&#8220; haben Kl\u00e4ger verstummen lassen, haben Verantwortlichen die Augen ge\u00f6ffnet und richtungsweisenden, wenn auch schmerzlichen Entscheidungen &#8211; nicht selten entgegen politischen Willens &#8211; den besseren Weg gebahnt. Es war, ist und wird wahrscheinlich nie einfach die zur <strong>Sicherung der Refinanzierung der \u00f6ffentlichen Infrastruktur<\/strong> notwendigen Mittel bereitzustellen. Ohne eine durchg\u00e4ngig transparente und vermittelbare Berechnungsgrundlage ist es sicher noch schwerer. Nach unserer Meinung geh\u00f6rt die alleinige Verf\u00fcgung und die Kenntnis \u00fcber die Anwendung in die H\u00e4nde der Verantwortlich in den Eigenbetrieben.<\/p>\n\n\n\n<p>Die Ihnen anschlie\u00dfend dargelegten Eckpunkte haben keinen Anspruch auf Vollst\u00e4ndigkeit. Die Komplexit\u00e4t und die Vielzahl der L\u00f6sungsvarianten verhindert dies. Die bei unseren Anwendern vorzufindenden L\u00f6sungen sind schlicht dadurch entstanden, dass die Anwender ihre regelm\u00e4\u00dfig erzielten zeitlichen Einsparungen \u00fcber Jahre hinweg eigenst\u00e4ndig wieder in den Ausbau reinvestierten. Dies f\u00fchrte zwangsl\u00e4ufig zur steten Verbesserung im Umgang mit der Vielzahl ihrer Prozesse. Die Ergebnissen erf\u00fcllen unsere Anwender und uns zu Recht mit <strong>Stolz und Freude<\/strong>. Wer bisher den Begriff der <strong>ganzheitlichen Betrachtung<\/strong> als Worth\u00fclse betrachtet, wird sich, zumindest in diesem Zusammenhang, eines Besseren belehren lassen m\u00fcssen.<\/p>\n\n\n\n<p>Vermutlich kommen wir nie an eine Ende. Der Horizont r\u00fcckt immer wieder ein St\u00fcck weiter. Wir haben die technologisch Grundlage daf\u00fcr gelegt, dass Komplexit\u00e4t kein Hindernis mehr ist und das das Beherrschen keine unz\u00e4hligen Instrumente und finanziellen Belastungen bedarf. Was es allerdings bedarf, ist der <strong>Mut <\/strong>den Aufbau mit allen Facetten zu beginnen und die Erkenntnisse einzuordnen.<\/p>\n\n\n\n<p><\/p>\n\n\n\n<p><\/p>\n","protected":false},"excerpt":{"rendered":"<p>Ein erster Ausgangspunkt f\u00fcr die Nutzung innovativer Methoden war die Erkenntnis, dass die Komplexit\u00e4t und die Dynamik eines Planungsszenarios f\u00fcr [&hellip;]<\/p>\n","protected":false},"author":1,"featured_media":0,"parent":0,"menu_order":0,"comment_status":"closed","ping_status":"open","template":"","meta":{"site-sidebar-layout":"default","site-content-layout":"","ast-site-content-layout":"default","site-content-style":"default","site-sidebar-style":"default","ast-global-header-display":"","ast-banner-title-visibility":"","ast-main-header-display":"","ast-hfb-above-header-display":"","ast-hfb-below-header-display":"","ast-hfb-mobile-header-display":"","site-post-title":"disabled","ast-breadcrumbs-content":"","ast-featured-img":"","footer-sml-layout":"","ast-disable-related-posts":"","theme-transparent-header-meta":"","adv-header-id-meta":"","stick-header-meta":"","header-above-stick-meta":"","header-main-stick-meta":"","header-below-stick-meta":"","astra-migrate-meta-layouts":"default","ast-page-background-enabled":"default","ast-page-background-meta":{"desktop":{"background-color":"var(--ast-global-color-5)","background-image":"","background-repeat":"repeat","background-position":"center center","background-size":"auto","background-attachment":"scroll","background-type":"","background-media":"","overlay-type":"","overlay-color":"","overlay-opacity":"","overlay-gradient":""},"tablet":{"background-color":"","background-image":"","background-repeat":"repeat","background-position":"center center","background-size":"auto","background-attachment":"scroll","background-type":"","background-media":"","overlay-type":"","overlay-color":"","overlay-opacity":"","overlay-gradient":""},"mobile":{"background-color":"","background-image":"","background-repeat":"repeat","background-position":"center center","background-size":"auto","background-attachment":"scroll","background-type":"","background-media":"","overlay-type":"","overlay-color":"","overlay-opacity":"","overlay-gradient":""}},"ast-content-background-meta":{"desktop":{"background-color":"var(--ast-global-color-4)","background-image":"","background-repeat":"repeat","background-position":"center center","background-size":"auto","background-attachment":"scroll","background-type":"","background-media":"","overlay-type":"","overlay-color":"","overlay-opacity":"","overlay-gradient":""},"tablet":{"background-color":"var(--ast-global-color-4)","background-image":"","background-repeat":"repeat","background-position":"center center","background-size":"auto","background-attachment":"scroll","background-type":"","background-media":"","overlay-type":"","overlay-color":"","overlay-opacity":"","overlay-gradient":""},"mobile":{"background-color":"var(--ast-global-color-4)","background-image":"","background-repeat":"repeat","background-position":"center center","background-size":"auto","background-attachment":"scroll","background-type":"","background-media":"","overlay-type":"","overlay-color":"","overlay-opacity":"","overlay-gradient":""}},"footnotes":""},"class_list":["post-2","page","type-page","status-publish","hentry"],"_links":{"self":[{"href":"https:\/\/eigbg-control.de\/index.php?rest_route=\/wp\/v2\/pages\/2","targetHints":{"allow":["GET"]}}],"collection":[{"href":"https:\/\/eigbg-control.de\/index.php?rest_route=\/wp\/v2\/pages"}],"about":[{"href":"https:\/\/eigbg-control.de\/index.php?rest_route=\/wp\/v2\/types\/page"}],"author":[{"embeddable":true,"href":"https:\/\/eigbg-control.de\/index.php?rest_route=\/wp\/v2\/users\/1"}],"replies":[{"embeddable":true,"href":"https:\/\/eigbg-control.de\/index.php?rest_route=%2Fwp%2Fv2%2Fcomments&post=2"}],"version-history":[{"count":52,"href":"https:\/\/eigbg-control.de\/index.php?rest_route=\/wp\/v2\/pages\/2\/revisions"}],"predecessor-version":[{"id":715,"href":"https:\/\/eigbg-control.de\/index.php?rest_route=\/wp\/v2\/pages\/2\/revisions\/715"}],"wp:attachment":[{"href":"https:\/\/eigbg-control.de\/index.php?rest_route=%2Fwp%2Fv2%2Fmedia&parent=2"}],"curies":[{"name":"wp","href":"https:\/\/api.w.org\/{rel}","templated":true}]}}