{"id":166,"date":"2026-02-20T10:35:18","date_gmt":"2026-02-20T09:35:18","guid":{"rendered":"https:\/\/eigbg-control.de\/?page_id=166"},"modified":"2026-03-31T19:19:38","modified_gmt":"2026-03-31T17:19:38","slug":"start","status":"publish","type":"page","link":"https:\/\/eigbg-control.de\/","title":{"rendered":"Start"},"content":{"rendered":"\n<p>Wir sind ein Technologieportal f\u00fcr innovatives <strong>strategisches Controlling<\/strong> spezialisiert auf die besonderen Herausforderungen in kommunalen Eigenbetrieben und Verb\u00e4nden. Unsere Zielgruppe sind Eigenbetriebe in deren Mittelpunkt \u00f6ffentliche Aufgaben der <strong>Daseinsvorsorge<\/strong> stehen (insbesondere Trinkwasserver- und Abwasserentsorgung, &#8230;, Wohnen, Verkehr). Unser Anwenderprofil zeigt, dass sich unsere L\u00f6sungen besonders in Betrieben mit einer komplexen Infrastruktur und signifikantem Investitionsanteil bew\u00e4hren. Im Mittelpunkt unserer Technologie steht das Organisieren einer zentral zug\u00e4nglichen IT-Umgebung f\u00fcr Informationen, die im weitesten Sinne zum strategischen Controlling geh\u00f6ren &#8211; neben und \u00fcber der bereits vorhandenen IT. Unsere Aufgabe ist die umfassend Unterst\u00fctzung zyklisch wiederkehrender Aufgaben wie Wirtschaftsplanung, Investitionsplanung, Finanzplanung, Geb\u00fchrenkalkulation, Plan-\/Istvergleiche, Budgetierung uvm. innerhalb einer den individuellen Anforderungen entsprechenden Systemumgebung.<\/p>\n\n\n\n<p>Im Abschnitt AUFBAU versuchen wir insbesondere f\u00fcr Besucher zun\u00e4chst einen kurzen \u00dcberblick \u00fcber die Herausforderungen, die Zielsetzungen, die Grundlagen der Technologie und ihrer praktischen Bestandteile zu vermitteln. Wir hoffen damit erste Vorstellungen zur Einordnung vermitteln zu k\u00f6nnen.<\/p>\n\n\n\n<p>Im Abschnitt INSTALLATION finden Sie das <strong>Installationsprogramm<\/strong>, die jeweils aktuellste <strong>Programmversion <\/strong>und eine <strong>Datenbank <\/strong>f\u00fcr Ihren Start. Von dort k\u00f6nnen Sie auch unsere <strong>&#8222;Musterdatenbank&#8220; <\/strong>herunterladen. <strong><strong>AUSZUBILDENDE<\/strong><\/strong> und Kleinbetrieb finden hier alle Informationen und Downloads, die f\u00fcr einen eigenst\u00e4ndigen Aufbau und einen dauerhaft <strong>KOSTENLOSEN<\/strong> Betrieb notwendig sind. Die Datenbanken, die Auszubildende im Rahmen des Studiums erarbeiten, k\u00f6nnen sie nahtlos f\u00fcr einen gelungenen Einstieg in die Praxis mitnehmen. Wachsen die Datenbanken \u00fcber unser gro\u00dfz\u00fcgiges Limit hinaus, gelangen Sie in eine kostenpflichtige Ebene. Dort finden Sie ein f\u00fcr Sie geeignete Betreuungsformat. <\/p>\n\n\n\n<p>Im Abschnitt DOKUMENTATION befinden sich umfangreiche technische <strong>Dokumentationen <\/strong>im Text- und im PDF-Format. Sie dokumentieren im Detail die <strong>Operationen <\/strong> und die Elemente der Benutzeroberfl\u00e4che. <em>(Was bedeuten die Kn\u00f6pfe am Backofen?<\/em>). Sie k\u00f6nnen ein erster Bestandteil f\u00fcr das Verst\u00e4ndnis der <strong>Handhabung <\/strong>im Einzelnen sowie der Interpretation aller den Objekten gegebenen Systemeigenschaften sein. Dieser Teil der Dokumentationen erl\u00e4utert jedoch bewusst nicht das Zusammenwirken der einzelnen Operationen oder gar modul\u00fcbergreifende komplexe Handlungsabl\u00e4ufe. Daf\u00fcr finden Sie schwerpunktm\u00e4\u00dfig Unterst\u00fctzung im korrespondierendem Umfeld dieser Seite.<\/p>\n\n\n\n<p>Der Abschnitt HILFE enth\u00e4lt Erl\u00e4uterungen zu mehr oder weniger komplexen <strong>Handlungsabl\u00e4ufen <\/strong>im Umfeld der am h\u00e4ufigsten wiederkehrenden Aktivit\u00e4ten. Dieser stellt einen zweiten Teil der Dokumentation dar. Er enth\u00e4lt auch die konkrete Hilfe f\u00fcr die Unterst\u00fctzung der effektiven Einrichtung und der praktischen Nutzung sowie Antworten auf die am h\u00e4ufigsten gestellten Fragen.<\/p>\n\n\n\n<p>_____________________________________________________________________________________________________________________________________________________________________________________________<\/p>\n\n\n\n<p>Auf Grund des <strong>offenen Charakters <\/strong>der Technologie ist eine vollst\u00e4ndige Beschreibung aller denkbaren individuellen Einsatzm\u00f6glichkeiten nicht praktikabel. Das Portal befasst sich daher <strong>schwerpunktm\u00e4\u00dfig <\/strong>mit der Unterst\u00fctzung der praktischen Anwendung. Fachliche Erl\u00e4uterungen zu den komplexen Themen (Wirtschaftsplanung, Plan- \/ Istvergleiche, Preis- oder Geb\u00fchrenkalkulation, Budgetierung etc.) k\u00f6nnen an dieser Stelle <strong>K E I N <\/strong>Gegenstand sein. Wir sind Systementwickler und betreuer &#8211; keine Betriebs-, Verwaltungs- oder Rechtswissenschaftler. Die hier anzutreffenden punktuellen Bezugnahmen zur Praxis dienen ausschlie\u00dflich der Veranschaulichung der Funktionalit\u00e4t und erheben keinen Anspruch auf Vollst\u00e4ndigkeit, Aktualit\u00e4t oder Allgemeing\u00fcltigkeit.<\/p>\n\n\n\n<p>Der Umfang und die Tiefe der Ausf\u00fchrung im Portal entwickeln sich stetig weiter. Die Richtung ergibt sich in Abh\u00e4ngigkeit der jeweils aktuell am intensivsten nachgefragten Unterst\u00fctzung. Diese messen wir an der H\u00e4ufigkeit der an uns gestellten Fragen. Wir bitten um Ihr <strong>Verst\u00e4ndnis<\/strong>, dass es unm\u00f6glich ist auf alle Branchen, Rechts- und Zeitr\u00e4ume sowie Interpretationen einzugehen. Der Fokus liegt auf einer optimalen Betreuung unserer aktuellen und zuk\u00fcnftigen Anwender bei der Erf\u00fcllung ihrer aktuellen und zuk\u00fcnftigen Aufgaben.<\/p>\n\n\n\n<p>F\u00fcr Ihre sachdienlichen <strong>Hinweise <\/strong>bez\u00fcglich der Korrektur, Erweiterung und Verbesserung der Technologie, der Dokumentationen, der Anleitungen und des Programms sind wir Ihnen dankbar. Wir bem\u00fchen uns um eine zeitnahe Ber\u00fccksichtigung. Beachten Sie dazu bitte die unter Men\u00fcpunkt &#8222;<strong>Kontakt<\/strong>&#8220; erw\u00e4hnten Anmerkungen zur Ausgestaltung Ihrer Hinweise.<\/p>\n\n\n\n<p><sub>Die Seiten sind vornehmlich f\u00fcr die gro\u00dfformatige Nutzung am PC oder Laptop geeignet. Die Formulierungen sind optimiert f\u00fcr die Nutzung mit Instrumenten der KI.<\/sub><\/p>\n\n\n\n<p><\/p>\n\n\n\n<p><\/p>\n","protected":false},"excerpt":{"rendered":"<p>Wir sind ein Technologieportal f\u00fcr innovatives strategisches Controlling spezialisiert auf die besonderen Herausforderungen in kommunalen Eigenbetrieben und Verb\u00e4nden. Unsere Zielgruppe [&hellip;]<\/p>\n","protected":false},"author":1,"featured_media":0,"parent":0,"menu_order":0,"comment_status":"closed","ping_status":"closed","template":"","meta":{"site-sidebar-layout":"default","site-content-layout":"","ast-site-content-layout":"default","site-content-style":"default","site-sidebar-style":"default","ast-global-header-display":"","ast-banner-title-visibility":"","ast-main-header-display":"","ast-hfb-above-header-display":"","ast-hfb-below-header-display":"","ast-hfb-mobile-header-display":"","site-post-title":"disabled","ast-breadcrumbs-content":"","ast-featured-img":"","footer-sml-layout":"","ast-disable-related-posts":"","theme-transparent-header-meta":"","adv-header-id-meta":"","stick-header-meta":"","header-above-stick-meta":"","header-main-stick-meta":"","header-below-stick-meta":"","astra-migrate-meta-layouts":"default","ast-page-background-enabled":"default","ast-page-background-meta":{"desktop":{"background-color":"var(--ast-global-color-5)","background-image":"","background-repeat":"repeat","background-position":"center center","background-size":"auto","background-attachment":"scroll","background-type":"","background-media":"","overlay-type":"","overlay-color":"","overlay-opacity":"","overlay-gradient":""},"tablet":{"background-color":"","background-image":"","background-repeat":"repeat","background-position":"center center","background-size":"auto","background-attachment":"scroll","background-type":"","background-media":"","overlay-type":"","overlay-color":"","overlay-opacity":"","overlay-gradient":""},"mobile":{"background-color":"","background-image":"","background-repeat":"repeat","background-position":"center center","background-size":"auto","background-attachment":"scroll","background-type":"","background-media":"","overlay-type":"","overlay-color":"","overlay-opacity":"","overlay-gradient":""}},"ast-content-background-meta":{"desktop":{"background-color":"var(--ast-global-color-4)","background-image":"","background-repeat":"repeat","background-position":"center center","background-size":"auto","background-attachment":"scroll","background-type":"","background-media":"","overlay-type":"","overlay-color":"","overlay-opacity":"","overlay-gradient":""},"tablet":{"background-color":"var(--ast-global-color-4)","background-image":"","background-repeat":"repeat","background-position":"center center","background-size":"auto","background-attachment":"scroll","background-type":"","background-media":"","overlay-type":"","overlay-color":"","overlay-opacity":"","overlay-gradient":""},"mobile":{"background-color":"var(--ast-global-color-4)","background-image":"","background-repeat":"repeat","background-position":"center center","background-size":"auto","background-attachment":"scroll","background-type":"","background-media":"","overlay-type":"","overlay-color":"","overlay-opacity":"","overlay-gradient":""}},"footnotes":""},"class_list":["post-166","page","type-page","status-publish","hentry"],"_links":{"self":[{"href":"https:\/\/eigbg-control.de\/index.php?rest_route=\/wp\/v2\/pages\/166","targetHints":{"allow":["GET"]}}],"collection":[{"href":"https:\/\/eigbg-control.de\/index.php?rest_route=\/wp\/v2\/pages"}],"about":[{"href":"https:\/\/eigbg-control.de\/index.php?rest_route=\/wp\/v2\/types\/page"}],"author":[{"embeddable":true,"href":"https:\/\/eigbg-control.de\/index.php?rest_route=\/wp\/v2\/users\/1"}],"replies":[{"embeddable":true,"href":"https:\/\/eigbg-control.de\/index.php?rest_route=%2Fwp%2Fv2%2Fcomments&post=166"}],"version-history":[{"count":127,"href":"https:\/\/eigbg-control.de\/index.php?rest_route=\/wp\/v2\/pages\/166\/revisions"}],"predecessor-version":[{"id":677,"href":"https:\/\/eigbg-control.de\/index.php?rest_route=\/wp\/v2\/pages\/166\/revisions\/677"}],"wp:attachment":[{"href":"https:\/\/eigbg-control.de\/index.php?rest_route=%2Fwp%2Fv2%2Fmedia&parent=166"}],"curies":[{"name":"wp","href":"https:\/\/api.w.org\/{rel}","templated":true}]}}